{"id":576,"date":"2016-05-05T21:17:30","date_gmt":"2016-05-05T21:17:30","guid":{"rendered":"http:\/\/fluentthemes.com\/wp\/maxhost\/?page_id=576"},"modified":"2023-10-28T10:39:20","modified_gmt":"2023-10-28T15:39:20","slug":"home-5","status":"publish","type":"page","link":"https:\/\/interhosting.red\/co\/","title":{"rendered":"Home Style 5"},"content":{"rendered":"<div class=\"wpb-content-wrapper\"><p>[vc_row full_width=&#8221;stretch_row_content_no_spaces&#8221;][vc_column][rev_slider_vc alias=&#8221;home_style_5&#8243;][\/vc_column][\/vc_row][vc_row full_width=&#8221;stretch_row_content_no_spaces&#8221; full_height=&#8221;yes&#8221; equal_height=&#8221;yes&#8221; css_animation=&#8221;none&#8221;][vc_column]\n  <div class=\"section-lg m-top0 domain-search\">\n    <div class=\"container\">\n      <div class=\"row\">\n\t\t\n\t\t\n\t\t<div class=\"col-md-4\">\n          <h2 class=\"font-white font-thin font30 m-bottom1\">AQUI ESTA SU DOMINIO<\/h2>\n          <h5 class=\"font-white font-thin font16\">Los mejores Precios para su proyecto<\/h5>\n        <\/div>\n\t\t\n        <div id=\"domain-form\" class=\"col-md-8\">\n          \n\t\t\t\t<form method=\"post\" action=\".\/\" id=\"form\" class=\"pure-form\">\n            <input class=\"input-text dsearch-home2\" id=\"Search\" name=\"domain\" value=\"\" placeholder=\"Digite el nombre del Dominio a Buscar\" type=\"text\" \/>\n\t\t\t<input type=\"hidden\" name=\"url\" value=\"https:\/\/interhosting.red\/dashboard\/cart.php?a=add&#038;domain=register&#038;query=\"\/>\n\t\t\t\n\t\t\t<input type=\"hidden\" name=\"purchase_btn_name\" value=\"Compre Ahora\"\/>\n\t\t\t<select id=\"domainext\" class=\"selectpicker \" name=\"domainext\" data-style=\"btn-primary\"><option value=\".com\">.com<br \/><\/option><option value=\".net\">.net<br \/><\/option><option value=\".org\">.org<br \/><\/option><option value=\".biz\">.biz<br \/><\/option><option value=\".info\">.info<br \/><\/option><option value=\".com.co\">.com.co<br \/><\/option><option value=\".co\">.co<br \/><\/option><option value=\".pro\">.pro<br \/><\/option><option value=\".net.co\">.net.co<br \/><\/option><option value=\".org.co\">.org.co<br \/><\/option><option value=\".gov.co\">.gov.co<br \/><\/option><option value=\".edu.co\">.edu.co<br \/><\/option><option value=\".ong\">.ong<br \/><\/option><option value=\".online\">.online<br \/><\/option><option value=\".store\">.store<br \/><\/option><option value=\".red\">.red<br \/><\/option><option value=\".me\">.me<br \/><\/option><option value=\".es\">.es<br \/><\/option><option value=\".cloud\">.cloud<br \/><\/option><option value=\".webside\">.webside<br \/><\/option><option value=\".date\">.date<br \/><\/option><option value=\".download\">.download<\/option><\/select><input class=\"btn black-button uppercase\" id=\"submit\" value=\"Buscar\" type=\"submit\" \/>\n\t\t\t\t\t\t\t\n          <\/form>\n\t\t  <div id=\"loading\"><b class=\"domaincheckerloading\">Loading...<\/b><\/div>\n\t\t <div id=\"results\" class=\"result\"><\/div>\n        <\/div>\n\t\t<div id=\"results\" class=\"result\"><\/div>\n\t\t\n      <\/div>\n    <\/div>\n  <\/div>[\/vc_column][\/vc_row][vc_row parallax=&#8221;content-moving&#8221; top_padding=&#8221;80px&#8221; bottom_padding=&#8221;30px&#8221;][vc_column css_animation=&#8221;none&#8221;]\n\t\t\t\t<h3 class=\"text-center font-bold font-black font15 uppercase\">PLANES DE hOSTING<\/h3>\n\t\t\t\t\n\t\t\t\t<h2 class=\"text-center font-bold font-black font30 uppercase\">Almacenamiento<\/h2>\n\t\t\t\t<div class=\"title-line-shape m-bottom3\"><\/div>[vc_message message_box_style=&#8221;solid&#8221; style=&#8221;round&#8221; message_box_color=&#8221;sky&#8221; icon_fontawesome=&#8221;fa fa-handshake-o&#8221;]Te presentamos Nuestros planes de Web Hosting con diferente configuracion y costo, Si requiere de una configuracion especial de Alojamiento (Hosting) estamos para escucharte solo comunicate y con gusto te atendemos.[\/vc_message][\/vc_column][\/vc_row][vc_row equal_height=&#8221;yes&#8221; bottom_padding=&#8221;20px&#8221; css=&#8221;.vc_custom_1534433234084{background-color: #4090d6 !important;border-radius: 25px !important;}&#8221;][vc_column width=&#8221;1\/3&#8243;]<div class=\"m-bottom4\">\n\t\t  <div class=\"pricing-box style-1 text-center \">\n            <div class=\"font-thin font20 font-black uppercase\">BASICO<\/div>\n            <div class=\"price font-thin-xs font45 font-white\">$50.000<span class=\"font18\"> \/ A\u00f1o<\/span><\/div>\n            <ul class=\"fea-lists\"><li>200 MG Alojamiento<br \/><\/li><li>2000 MG Banda Ancha<br \/><\/li><li>3 Cuentas de Correos<br \/><\/li><li>1 Dominio<br \/><\/li><li>24\/7 Soporte<br \/><\/li><li>0 Subdominios<br \/><\/li><li>0 Mysql<br \/><\/li><li>Softacolous Incluido<br \/><\/li><li>Certificado SSl Incluido<\/li><\/ul>\n            <div class=\"button m-top2\"><a href=\"https:\/\/interhosting.red\/co\/wp-content\/clientes\/register.php\" class=\"btn samll-grey-button uppercase\">Ordenar <i class=\"fa fa-arrow-circle-right\"><\/i><\/a><\/div>\n          <\/div>\n\t\t  <\/div><div class=\"m-bottom4\">\n\t\t  <div class=\"pricing-box style-1 text-center \">\n            <div class=\"font-thin font20 font-black uppercase\">ORO<\/div>\n            <div class=\"price font-thin-xs font45 font-white\">$130.000<span class=\"font18\"> \/ A\u00f1o<\/span><\/div>\n            <ul class=\"fea-lists\"><li>2000 MG Alojamiento<br \/><\/li><li>5000 MG Banda Ancha<br \/><\/li><li>10 Cuentas de Correos<br \/><\/li><li>1 Dominio<br \/><\/li><li>24\/7 Soporte<br \/><\/li><li>3 Subdominios<br \/><\/li><li>3 Mysql<br \/><\/li><li>Softacolous Incluido<br \/><\/li><li>Certificado SSl Incluido<\/li><\/ul>\n            <div class=\"button m-top2\"><a href=\"https:\/\/interhosting.red\/co\/wp-content\/clientes\/register.php\" class=\"btn samll-grey-button uppercase\">ORDENAR <i class=\"fa fa-arrow-circle-right\"><\/i><\/a><\/div>\n          <\/div>\n\t\t  <\/div>[\/vc_column][vc_column width=&#8221;1\/3&#8243;]<div class=\"m-bottom4\">\n\t\t  <div class=\"pricing-box style-1 text-center \">\n            <div class=\"font-thin font20 font-black uppercase\">ZAFIRO<\/div>\n            <div class=\"price font-thin-xs font45 font-white\">$70.000<span class=\"font18\"> \/ A\u00f1o<\/span><\/div>\n            <ul class=\"fea-lists\"><li>500 MG Alojamiento<br \/><\/li><li>3000 MG Banda Ancha<br \/><\/li><li>5 Cuentas de Correos<br \/><\/li><li>1 Dominio<br \/><\/li><li>24\/7 Soporte<br \/><\/li><li>1 Subdominios<br \/><\/li><li>1 Mysql<br \/><\/li><li>Softacolous Incluido<br \/><\/li><li>Certificado SSl Incluido<\/li><\/ul>\n            <div class=\"button m-top2\"><a href=\"https:\/\/interhosting.red\/co\/wp-content\/clientes\/register.php\" class=\"btn samll-grey-button uppercase\">ORDENAR <i class=\"fa fa-arrow-circle-right\"><\/i><\/a><\/div>\n          <\/div>\n\t\t  <\/div><div class=\"m-bottom4\">\n\t\t  <div class=\"pricing-box style-1 text-center \">\n            <div class=\"font-thin font20 font-black uppercase\">DIAMANTE<\/div>\n            <div class=\"price font-thin-xs font45 font-white\">$190.000<span class=\"font18\"> \/ A\u00f1o<\/span><\/div>\n            <ul class=\"fea-lists\"><li>5000 MG Alojamiento<br \/><\/li><li>10000 MG Banda Ancha<br \/><\/li><li>15 Cuentas de Correos<br \/><\/li><li>1 Dominio<br \/><\/li><li>24\/7 Soporte<br \/><\/li><li>4 Subdominios<br \/><\/li><li>4 Mysql<br \/><\/li><li>Softacolous Incluido<br \/><\/li><li>Certificado SSl Incluido<\/li><\/ul>\n            <div class=\"button m-top2\"><a href=\"https:\/\/interhosting.red\/co\/wp-content\/clientes\/register.php\" class=\"btn samll-grey-button uppercase\">ORDENAR <i class=\"fa fa-arrow-circle-right\"><\/i><\/a><\/div>\n          <\/div>\n\t\t  <\/div>[\/vc_column][vc_column width=&#8221;1\/3&#8243;]<div class=\"m-bottom4\">\n\t\t  <div class=\"pricing-box style-1 text-center \">\n            <div class=\"font-thin font20 font-black uppercase\">PLATA<\/div>\n            <div class=\"price font-thin-xs font45 font-white\">$100.000<span class=\"font18\"> \/ A\u00f1o<\/span><\/div>\n            <ul class=\"fea-lists\"><li>1000 MG Alojamiento<br \/><\/li><li>5000 MG Banda Ancha<br \/><\/li><li>8 Cuentas de Correos<br \/><\/li><li>1 Dominio<br \/><\/li><li>24\/7 Soporte<br \/><\/li><li>2 Subdominios<br \/><\/li><li>2 Mysql<br \/><\/li><li>Softacolous Incluido<br \/><\/li><li>Certificado SSl Incluido<\/li><\/ul>\n            <div class=\"button m-top2\"><a href=\"https:\/\/interhosting.red\/co\/wp-content\/clientes\/register.php\" class=\"btn samll-grey-button uppercase\">Ordenar <i class=\"fa fa-arrow-circle-right\"><\/i><\/a><\/div>\n          <\/div>\n\t\t  <\/div><div class=\"m-bottom4\">\n\t\t  <div class=\"pricing-box style-1 text-center \">\n            <div class=\"font-thin font20 font-black uppercase\">ESMERALDA<\/div>\n            <div class=\"price font-thin-xs font45 font-white\">$290.000<span class=\"font18\"> \/ A\u00f1o<\/span><\/div>\n            <ul class=\"fea-lists\"><li>10000 MG Alojamiento<br \/><\/li><li>20000 MG Banda Ancha<br \/><\/li><li>25 Cuentas de Correos<br \/><\/li><li>2 Dominio<br \/><\/li><li>24\/7 Soporte<br \/><\/li><li>5 Subdominios<br \/><\/li><li>10 Mysql<br \/><\/li><li>Softacolous Incluido<br \/><\/li><li>Certificado SSl Incluido<\/li><\/ul>\n            <div class=\"button m-top2\"><a href=\"#\" class=\"btn samll-grey-button uppercase\">ORDENAR <i class=\"fa fa-arrow-circle-right\"><\/i><\/a><\/div>\n          <\/div>\n\t\t  <\/div>[\/vc_column][\/vc_row][vc_row equal_height=&#8221;yes&#8221; top_padding=&#8221;50px&#8221; bottom_padding=&#8221;30px&#8221;][vc_column width=&#8221;1\/3&#8243;]\t<div class=\"fea-col text-left m-bottom4\">\n\t\t\t\t  <div class=\"font-color\"><span class=\"fa fa-support font30\"><\/span><\/div>\n\t\t\t\t  <h2 class=\"font-thin font20 m-top2 \">Posicionamiento SEO<\/h2>\n\t\t\t\t  <p class=\"m-top2 \">El posicionamiento en buscadores, optimizaci\u00f3n en motores de b\u00fasqueda u optimizaci\u00f3n web es el proceso t\u00e9cnico mediante el cual se realizan cambios en la estructura e informaci\u00f3n de una p\u00e1gina web, con el objetivo de mejorar la visibilidad de un sitio web en los resultados org\u00e1nicos de los diferentes buscadores. Tambi\u00e9n es frecuente encontrar la denominaci\u00f3n en ingl\u00e9s, search engine optimization, y especialmente sus iniciales SEO<\/p>\n\t\t\t\t<\/div>\t<div class=\"fea-col text-left m-bottom4\">\n\t\t\t\t  <div class=\"font-color\"><span class=\"icon-screen-smartphone font30\"><\/span><\/div>\n\t\t\t\t  <h2 class=\"font-thin font20 m-top2 \">Ideal Para Dispositivos Moviles<\/h2>\n\t\t\t\t  <p class=\"m-top2 \">todas las p\u00e1ginas webs son 100% amigables con todo tipo de dispositivos m\u00f3viles, asegur\u00e1ndonos de que los visitantes de tu p\u00e1gina tendr\u00e1n una excelente experiencia m\u00f3vil cuyo visitan tu p\u00e1gina web<\/p>\n\t\t\t\t<\/div>[\/vc_column][vc_column width=&#8221;1\/3&#8243;]\t<div class=\"fea-col text-left m-bottom4\">\n\t\t\t\t  <div class=\"font-color\"><span class=\"icon-support font30\"><\/span><\/div>\n\t\t\t\t  <h2 class=\"font-thin font20 m-top2 \">Certificado y Seguridad<\/h2>\n\t\t\t\t  <p class=\"m-top2 \">Su Dominio se encuentra Certificado SSL son las siglas de Secure Sockets Layer, proporciona una conexi\u00f3n segura, lo que le permite transmitir los datos privados en Internet. Sitios asegurados con SSL muestran un candado en la URL de los navegadores y posiblemente una barra de direcciones verde si asegurado por un certificado EV SSL.<\/p>\n\t\t\t\t<\/div>\t<div class=\"fea-col text-left m-bottom4\">\n\t\t\t\t  <div class=\"font-color\"><span class=\"icon-screen-desktop font30\"><\/span><\/div>\n\t\t\t\t  <h2 class=\"font-thin font20 m-top2 \">Dise\u00f1os Atractivos<\/h2>\n\t\t\t\t  <p class=\"m-top2 \">Permite elegir entre cientos de formatos y dise\u00f1os \u00fanicos. Elige entre nuestras m\u00faltiples plantillas, colores y fondos diferentes, o selecciona un dise\u00f1o preparado.<\/p>\n\t\t\t\t<\/div>[\/vc_column][vc_column width=&#8221;1\/3&#8243;]\t<div class=\"fea-col text-left m-bottom4\">\n\t\t\t\t  <div class=\"font-color\"><span class=\"icon-home font30\"><\/span><\/div>\n\t\t\t\t  <h2 class=\"font-thin font20 m-top2 \">Tienda Online<\/h2>\n\t\t\t\t  <p class=\"m-top2 \">Crea tu propia tienda virtual, debidamente habilitada para procesar pagos en l\u00ednea. Independientemente de si tienes tu propia empresa o solo deseas realizar ventas espor\u00e1dicas, nuestra tienda virtual se adapta a tus necesidades.<\/p>\n\t\t\t\t<\/div>\t<div class=\"fea-col text-left m-bottom4\">\n\t\t\t\t  <div class=\"font-color\"><span class=\"icon-call-in font30\"><\/span><\/div>\n\t\t\t\t  <h2 class=\"font-thin font20 m-top2 \">24\/7 Soporte Tecnico<\/h2>\n\t\t\t\t  <p class=\"m-top2 \">Nuestro servicio de atenci\u00f3n al cliente est\u00e1 a tu disposici\u00f3n para cualquier pregunta. Tambi\u00e9n puedes consultar las preguntas en nuestro blog de Temas de Interes.<\/p>\n\t\t\t\t<\/div>[\/vc_column][\/vc_row][vc_row full_width=&#8221;stretch_row_content_no_spaces&#8221;][vc_column css=&#8221;.vc_custom_1538397406635{background-color: #ffffff !important;background-position: center !important;background-repeat: no-repeat !important;background-size: cover !important;border-radius: 10px !important;}&#8221;]<div class=\"section-lg\">\n  <div class=\"two-color-boxes-dark\">\n\t<div class=\"container\">\n\t<div class=\"col-md-6 no-left-padd right-padd4 m-bottom3\">\n        <h2 class=\"font-thin font-white font25 m-bottom3 bg-color\"><span>CREAMOS WEB PROFESIONAL<\/span><\/h2>\n        <h4 class=\"m-bottom3 font20 font-thin font-white\">Las Empresas Peque\u00f1as, Medianas, Grandes hoy en dia es necesario tener un sitio Web. En Paises Desarrollados han demostrado que la aplicacion de los nuevos avances tecnologicos como las plataformas Web, hacen crecer de manera positiva el incremento de las ventas.<\/h4>\n        <img loading=\"lazy\" decoding=\"async\" width=\"300\" height=\"214\" src=\"https:\/\/interhosting.red\/co\/wp-content\/uploads\/2018\/08\/servidorTierIII300x210.png\" class=\"pull-left right-padd3 attachment-full\" alt=\"\" title=\"servidorTierIII300x210\" \/>\n\t\t<ul class=\"listitems font-white\"><li><i class=\"fa fa-angle-right\"><\/i> Dise\u00f1o y Desarrollo<br \/><\/li><li><i class=\"fa fa-angle-right\"><\/i> Acceso a Cpanel y Webmail<br \/><\/li><li><i class=\"fa fa-angle-right\"><\/i> Optimizacion para Google<br \/><\/li><li><i class=\"fa fa-angle-right\"><\/i> Velocidad<br \/><\/li><li><i class=\"fa fa-angle-right\"><\/i> Presentacion<br \/><\/li><li><i class=\"fa fa-angle-right\"><\/i> Posicionamiento en Redes Sociales<\/li><\/ul>\n        <div class=\"button m-top4 text-right\"><span class=\"font-thin font25 font-white\">Paginas WEB desde <span class=\"font-bold font-color\">$300.000<\/span>\/Sencilla<\/span> &nbsp;&nbsp;&nbsp;&nbsp; <a href=\"#\" class=\"btn boxed-color-sm orange uppercase\">Contactenos ahora <i class=\"fa fa-arrow-circle-right\"><\/i><\/a><\/div>\n      <\/div>\n    <div class=\"col-md-6 no-right-padd left-padd4 m-bottom3\">\n        <h2 class=\"font-thin font-white font25 m-bottom3 bg-color\"><span>Web Hosting<\/span><\/h2>\n        <h4 class=\"m-bottom3 font20 font-thin font-white\">Servidores con infraestructura de categor\u00eda TIER III de ultima generaci\u00f3n con un Sistemas de Software estable y seguro, por esto y mucho m\u00e1s podemos garantizarle uno de los mejores servicios de Hosting en el Mundo en tecnolog\u00eda, seguridad, respaldo a un precio Incomparable.<\/h4>\n        <img loading=\"lazy\" decoding=\"async\" width=\"300\" height=\"210\" src=\"https:\/\/interhosting.red\/co\/wp-content\/uploads\/2018\/08\/DataCenter-300x210.png\" class=\"pull-left right-padd3 attachment-full\" alt=\"\" title=\"DataCenter-300x210\" \/>\n        <ul class=\"listitems font-white\"><li><i class=\"fa fa-angle-right\"><\/i> Servidores 100% confiables.<br \/><\/li><li><i class=\"fa fa-angle-right\"><\/i> Banda de ancha Garantizada.<br \/><\/li><li><i class=\"fa fa-angle-right\"><\/i> Seguridad de su Sitio.<br \/><\/li><li><i class=\"fa fa-angle-right\"><\/i> Soporte 24\/7 via char & phone.<br \/><\/li><li><i class=\"fa fa-angle-right\"><\/i> Creador sitios WordPress y Softaculous.<br \/><\/li><li><i class=\"fa fa-angle-right\"><\/i> Acceso cPanel, Webmail, FTP.<\/li><\/ul>\n        <div class=\"button m-top5 text-right\"><span class=\"font-thin font25 font-white\">Planes Hosting Desde <span class=\"font-bold font-color\">$50.000<\/span>\/A\u00f1o<\/span> &nbsp;&nbsp;&nbsp;&nbsp; <a href=\"#\" class=\"btn boxed-color-sm orange uppercase\">Contactenos Ahora <i class=\"fa fa-arrow-circle-right\"><\/i><\/a><\/div>\n      <\/div>\n\n<\/div>\n<\/div>\n<\/div>[\/vc_column][\/vc_row][vc_row full_width=&#8221;stretch_row_content&#8221; content_placement=&#8221;middle&#8221; css_animation=&#8221;none&#8221; css=&#8221;.vc_custom_1538397826267{margin-top: 30px !important;}&#8221;][vc_column css=&#8221;.vc_custom_1538397868378{padding-bottom: 30px !important;background-color: #6dd622 !important;border-radius: 20px !important;}&#8221;][vc_raw_html el_id=&#8221;frmdomainchecker&#8221;]JTNDZGl2JTNFJTBBJTIwJTNDZm9ybSUyMGlkJTNEJTIyZnJtZG9tYWluY2hlY2tlciUyMiUyMG1ldGhvZCUzRCUyMnBvc3QlMjIlMjBhY3Rpb24lM0QlMjJodHRwcyUzQSUyRiUyRmludGVyaG9zdGluZy5yZWQlMkZjbyUyRndwLWNvbnRlbnQlMkZjbGllbnRlcyUyRmNhcnQucGhwJTNGYSUzRGFkZCUyNmFtcCUzQmRvbWFpbiUzRHJlZ2lzdGVyJTIyJTIwbWV0aG9kJTNEJTIycG9zdCUyMiUyMGNsYXNzJTNEJTIydGV4dC1jZW50ZXIlMjIlM0UlMEElM0NzdHJvbmclM0UlMjAlM0Nmb250JTIwc2l6ZSUzRDYlM0UlM0Nmb250JTIwY29sb3IlM0QwMDY2Q0MlM0UlMjBESUdJVEUlMjBTVSUyMERPTUlOSU8lM0MlMkZzdHJvbmclM0UlMjAlM0ElM0MlMkZmb250JTNFJTIwJTNDJTJGZm9udCUzRSUzQ2JyJTJGJTNFJTBBJTNDZm9udCUyMGNvbG9yJTNEMDA2NkNDJTNFJTNDZm9udCUyMHNpemUlM0Q1JTNFJTIwJTNDaW5wdXQlMjBuYW1lJTNEJTIycXVlcnklMjIlMjBzaXplJTNEJTIyMzAlMjIlMjB0eXBlJTNEJTIydGV4dCUyMiUzRSUyMCUzQ2lucHV0JTIwdHlwZSUzRCUyMnN1Ym1pdCUyMiUyMHZhbHVlJTNEJTIyQlVTQ0FSJTIyJTIwJTNFJTNDJTJGZm9udCUzRSUzQyUyRmZvbnQlM0UlMEElM0MlMkZmb3JtJTNFJTBBJTNDJTJGZGl2JTNF[\/vc_raw_html][\/vc_column][\/vc_row][vc_row full_width=&#8221;stretch_row_content_no_spaces&#8221; css=&#8221;.vc_custom_1538397348331{margin-top: 0px !important;}&#8221;][vc_column]<div style=\"background: rgba(0, 0, 0, 0) url(https:\/\/interhosting.red\/co\/wp-content\/uploads\/2016\/04\/site-img41.jpg) no-repeat fixed center top \/ cover ;\" class=\"section-lg bg-parallax-4 m-top5 \">\n    \n\t<div class=\"container \">\n      <div class=\"row\">\n        \n\t\t<div class=\"col-md-6 m-bottom3\"> <img loading=\"lazy\" decoding=\"async\" width=\"527\" height=\"257\" src=\"https:\/\/interhosting.red\/co\/wp-content\/uploads\/2016\/04\/site-img82.png\" class=\"img-responsive attachment-full\" alt=\"\" title=\"site-img82\" srcset=\"https:\/\/interhosting.red\/co\/wp-content\/uploads\/2016\/04\/site-img82.png 527w, https:\/\/interhosting.red\/co\/wp-content\/uploads\/2016\/04\/site-img82-300x146.png 300w\" sizes=\"auto, (max-width: 527px) 100vw, 527px\" \/> <\/div>\n\t\t\n\t\t\n        <div class=\"col-md-6 m-bottom3\">\n\t\t\n          <h2 class=\"font-bold font18 font-white m-bottom1\">PROMOCION SOLO POR HOY<\/h2>\n          <h2 class=\"font-thin font15 font-white m-bottom1\">TODO EN UNO <span class=\"font-bold font50 font-color\">DOMINIO-HOSTING-DESARROLLO<\/span> A PRECIO DE DESARROLLO<\/h2>\n          <p class=\"font-color\">EN POCO TIEMPO ESTARAS EN LA NUBE<\/p>\n          <p class=\"font-white m-top2\">Dominio empresa.com.co, .co solo estos dominios, Hosting Plan Basico, Desarrollo web Basico.<\/p>\n          <div class=\"button m-top3\"><a href=\"https:\/\/interhosting.red\/co\/wp-content\/clientes\/register.php\" class=\"btn boxed-color-sm font18 orange\">Registrate <i class=\"fa fa-arrow-circle-right\"><\/i><\/a><\/div>\n        <\/div>\n      <\/div>\n    <\/div>\n\t\n  <\/div>[\/vc_column][\/vc_row][vc_row full_width=&#8221;stretch_row_content&#8221; content_placement=&#8221;middle&#8221;][vc_column css=&#8221;.vc_custom_1538084189712{background-color: #6dd622 !important;border-radius: 20px !important;}&#8221;]\n\t\t\t\t<h3 class=\"text-center font-bold font-black font15 uppercase\">Descubre nuestro<\/h3>\n\t\t\t\t\n\t\t\t\t<h2 class=\"text-center font-bold font-black font30 uppercase\">ALGUNOS DE NUESTROS CLIENTES<\/h2>\n\t\t\t\t<div class=\"title-line-shape m-bottom3\"><\/div><div class=\"section-lg \">\n    <div class=\"container\">\n\t\n      <div class=\"col-md-6 col-sm-6 m-bottom3\"> <img loading=\"lazy\" decoding=\"async\" width=\"210\" height=\"225\" src=\"https:\/\/interhosting.red\/co\/wp-content\/uploads\/2016\/04\/site-img83.png\" class=\"img-responsive attachment-full\" alt=\"\" title=\"site-img83\" \/> <\/div>\n\t\n\t<div class=\"col-md-6 col-sm-6\">\n        <h4 class=\"font-black font-bold font15 uppercase\">Empresas<\/h4>\n        <h2 class=\"font-black font-bold font30 m-bottom3 uppercase\">Que han confiado en Nosotros<\/h2>\n\t\t\n\t\t<div class=\"col-md-4 col-sm-6 col-xs-6 text-center m-bottom2 left-padd0\"> <img loading=\"lazy\" decoding=\"async\" width=\"300\" height=\"88\" src=\"https:\/\/interhosting.red\/co\/wp-content\/uploads\/2020\/06\/Logo_SOS_publicidad.png\" class=\"img-responsive attachment-full\" alt=\"\" title=\"Logo_SOS_publicidad\" \/> <\/div>\n\t\t\n        <div class=\"col-md-4 col-sm-6 col-xs-6 text-center m-bottom2 left-padd0\"> <img loading=\"lazy\" decoding=\"async\" width=\"300\" height=\"72\" src=\"https:\/\/interhosting.red\/co\/wp-content\/uploads\/2020\/06\/Logo_Confinanzas_public.png\" class=\"img-responsive attachment-full\" alt=\"\" title=\"Logo_Confinanzas_public\" \/> <\/div>\n\t\t\n        <div class=\"col-md-4 col-sm-6 col-xs-6 text-center m-bottom2 left-padd0\"> <img loading=\"lazy\" decoding=\"async\" width=\"300\" height=\"96\" src=\"https:\/\/interhosting.red\/co\/wp-content\/uploads\/2020\/06\/Logo_Unir.png\" class=\"img-responsive attachment-full\" alt=\"\" title=\"Logo_Unir\" \/> <\/div>\n\t\t\n        <div class=\"col-md-4 col-sm-6 col-xs-6 text-center m-bottom2 left-padd0\"> <img loading=\"lazy\" decoding=\"async\" width=\"300\" height=\"214\" src=\"https:\/\/interhosting.red\/co\/wp-content\/uploads\/2020\/06\/Logo_upa_publi.png\" class=\"img-responsive attachment-full\" alt=\"\" title=\"Logo_upa_publi\" \/> <\/div>\n\t\t\n        <div class=\"col-md-4 col-sm-6 col-xs-6 text-center m-bottom2 left-padd0\"> <img loading=\"lazy\" decoding=\"async\" width=\"800\" height=\"318\" src=\"https:\/\/interhosting.red\/co\/wp-content\/uploads\/2020\/06\/Logo_vmsystemcol.jpg\" class=\"img-responsive attachment-full\" alt=\"\" title=\"Logo_vmsystemcol\" srcset=\"https:\/\/interhosting.red\/co\/wp-content\/uploads\/2020\/06\/Logo_vmsystemcol.jpg 800w, https:\/\/interhosting.red\/co\/wp-content\/uploads\/2020\/06\/Logo_vmsystemcol-300x119.jpg 300w, https:\/\/interhosting.red\/co\/wp-content\/uploads\/2020\/06\/Logo_vmsystemcol-768x305.jpg 768w\" sizes=\"auto, (max-width: 800px) 100vw, 800px\" \/> <\/div>\n\t\t\n        <div class=\"col-md-4 col-sm-6 col-xs-6 text-center m-bottom2 left-padd0\"> <img loading=\"lazy\" decoding=\"async\" width=\"93\" height=\"82\" src=\"https:\/\/interhosting.red\/co\/wp-content\/uploads\/2020\/06\/SERVICENTRO.jpeg\" class=\"img-responsive attachment-full\" alt=\"\" title=\"SERVICENTRO\" \/> <\/div>\n\t\t\n       <\/div>\n    <\/div>\n  <\/div>[\/vc_column][\/vc_row]<\/p>\n<\/div><!-- AddThis Advanced Settings generic via filter on the_content --><!-- AddThis Share Buttons generic via filter on the_content -->","protected":false},"excerpt":{"rendered":"<p>[vc_row full_width=&#8221;stretch_row_content_no_spaces&#8221;][vc_column][rev_slider_vc alias=&#8221;home_style_5&#8243;][\/vc_column][\/vc_row][vc_row full_width=&#8221;stretch_row_content_no_spaces&#8221; full_height=&#8221;yes&#8221; equal_height=&#8221;yes&#8221; css_animation=&#8221;none&#8221;][vc_column][\/vc_column][\/vc_row][vc_row parallax=&#8221;content-moving&#8221; top_padding=&#8221;80px&#8221; bottom_padding=&#8221;30px&#8221;][vc_column css_animation=&#8221;none&#8221;][vc_message message_box_style=&#8221;solid&#8221; style=&#8221;round&#8221; message_box_color=&#8221;sky&#8221; icon_fontawesome=&#8221;fa fa-handshake-o&#8221;]Te presentamos Nuestros planes de Web Hosting con diferente configuracion y costo, Si requiere de una configuracion especial de Alojamiento (Hosting) estamos para escucharte solo comunicate y con gusto te atendemos.[\/vc_message][\/vc_column][\/vc_row][vc_row equal_height=&#8221;yes&#8221; bottom_padding=&#8221;20px&#8221; css=&#8221;.vc_custom_1534433234084{background-color: #4090d6 !important;border-radius: 25px !important;}&#8221;][vc_column width=&#8221;1\/3&#8243;][\/vc_column][vc_column width=&#8221;1\/3&#8243;][\/vc_column][vc_column width=&#8221;1\/3&#8243;][\/vc_column][\/vc_row][vc_row equal_height=&#8221;yes&#8221; top_padding=&#8221;50px&#8221; bottom_padding=&#8221;30px&#8221;][vc_column width=&#8221;1\/3&#8243;][\/vc_column][vc_column width=&#8221;1\/3&#8243;][\/vc_column][vc_column width=&#8221;1\/3&#8243;][\/vc_column][\/vc_row][vc_row full_width=&#8221;stretch_row_content_no_spaces&#8221;][vc_column css=&#8221;.vc_custom_1538397406635{background-color: #ffffff [&hellip;]<!-- AddThis Advanced Settings generic via filter on get_the_excerpt --><!-- AddThis Share Buttons generic via filter on get_the_excerpt --><\/p>\n","protected":false},"author":1,"featured_media":0,"parent":0,"menu_order":0,"comment_status":"closed","ping_status":"closed","template":"page-vc.php","meta":{"footnotes":""},"class_list":["post-576","page","type-page","status-publish","hentry"],"_links":{"self":[{"href":"https:\/\/interhosting.red\/co\/wp-json\/wp\/v2\/pages\/576","targetHints":{"allow":["GET"]}}],"collection":[{"href":"https:\/\/interhosting.red\/co\/wp-json\/wp\/v2\/pages"}],"about":[{"href":"https:\/\/interhosting.red\/co\/wp-json\/wp\/v2\/types\/page"}],"author":[{"embeddable":true,"href":"https:\/\/interhosting.red\/co\/wp-json\/wp\/v2\/users\/1"}],"replies":[{"embeddable":true,"href":"https:\/\/interhosting.red\/co\/wp-json\/wp\/v2\/comments?post=576"}],"version-history":[{"count":2,"href":"https:\/\/interhosting.red\/co\/wp-json\/wp\/v2\/pages\/576\/revisions"}],"predecessor-version":[{"id":1267,"href":"https:\/\/interhosting.red\/co\/wp-json\/wp\/v2\/pages\/576\/revisions\/1267"}],"wp:attachment":[{"href":"https:\/\/interhosting.red\/co\/wp-json\/wp\/v2\/media?parent=576"}],"curies":[{"name":"wp","href":"https:\/\/api.w.org\/{rel}","templated":true}]}}